{"id":346,"date":"2017-08-23T15:11:20","date_gmt":"2017-08-23T13:11:20","guid":{"rendered":"http:\/\/www.european-elite.org\/New%20directory\/?page_id=346"},"modified":"2025-04-19T21:19:26","modified_gmt":"2025-04-19T19:19:26","slug":"faqs","status":"publish","type":"page","link":"https:\/\/european-elite.org\/index.php\/study-abroad\/faqs\/","title":{"rendered":"FAQs"},"content":{"rendered":"\t\t<div data-elementor-type=\"wp-page\" data-elementor-id=\"346\" class=\"elementor elementor-346\">\n\t\t\t\t\t\t\t\t\t<section class=\"elementor-section elementor-top-section elementor-element elementor-element-7a5c0177 elementor-section-boxed elementor-section-height-default elementor-section-height-default\" data-id=\"7a5c0177\" data-element_type=\"section\">\n\t\t\t\t\t\t<div class=\"elementor-container elementor-column-gap-default\">\n\t\t\t\t\t<div class=\"elementor-column elementor-col-100 elementor-top-column elementor-element elementor-element-17596e8\" data-id=\"17596e8\" data-element_type=\"column\">\n\t\t\t<div class=\"elementor-widget-wrap elementor-element-populated\">\n\t\t\t\t\t\t\t\t<div class=\"elementor-element elementor-element-5ac61a2f elementor-widget elementor-widget-text-editor\" data-id=\"5ac61a2f\" data-element_type=\"widget\" data-widget_type=\"text-editor.default\">\n\t\t\t\t<div class=\"elementor-widget-container\">\n\t\t\t<style>\/*! elementor - v3.6.5 - 27-04-2022 *\/\n.elementor-widget-text-editor.elementor-drop-cap-view-stacked .elementor-drop-cap{background-color:#818a91;color:#fff}.elementor-widget-text-editor.elementor-drop-cap-view-framed .elementor-drop-cap{color:#818a91;border:3px solid;background-color:transparent}.elementor-widget-text-editor:not(.elementor-drop-cap-view-default) .elementor-drop-cap{margin-top:8px}.elementor-widget-text-editor:not(.elementor-drop-cap-view-default) .elementor-drop-cap-letter{width:1em;height:1em}.elementor-widget-text-editor .elementor-drop-cap{float:left;text-align:center;line-height:1;font-size:50px}.elementor-widget-text-editor .elementor-drop-cap-letter{display:inline-block}<\/style>\t\t\t\t<h3><span style=\"color: #000000;\">Wenn mein Kind nach Amerika gehen w\u00fcrde, wird es in einer Familie untergebracht oder ist es auf sich alleine gestellt?<\/span><\/h3><p><span style=\"color: #000000;\">-Die Jugendlichen, die nach Amerika gehen, werden in einer zertifizierten Gastfamilie untergebracht<\/span><\/p><p><span style=\"color: #000000;\">.\u00a0 Diese sucht eine Schule und eine Host Familie aus, die f\u00fcr Ihren Kind am Besten passt.<\/span><\/p><h3><span style=\"color: #000000;\">Was w\u00fcrde der USA Aufenthalt kosten,\u00a0 wenn mein Kind ein Highschool besuchen w\u00fcrde?<\/span><\/h3><p><span style=\"color: #000000;\">-Unser J-1 St\u00e4dtliche Schule Programm kostet 9900\u20ac\u00a0 (inkl. Krankenversicherung,\u00a0 die Unterbringung in der Host Family sowie die Schule). Mit dem J-1 Programm entstehen keine zus\u00e4tzlichen Kosten f\u00fcr Host Family oder Schule.<\/span><\/p><p><span style=\"color: #000000;\">Dazu kommt etwa 250-350\u20ac Taschengeld\/Monat, Visakosten (ca. $400), und Hin und R\u00fcckflug, was durch den Student selbst getragen werden sollte.<\/span><\/p><h3><span style=\"color: #000000;\">Gibt es F\u00f6rderungen?<\/span><\/h3><p>&#8211;<a href=\"https:\/\/www.auslandsbafoeg.de\/auslandsbafoeg\/schueleraustausch\/\" target=\"_blank\" rel=\"noopener noreferrer\">BAf\u00f6G\u00a0<\/a><span style=\"color: #000000;\">kann f\u00fcr Auslandsjahren beantragt werden.\u00a0<\/span><\/p><p><span style=\"color: #000000;\">-Wegen rekrutieren Ges\u00e4tze, US High Schools d\u00fcrfen kein Stipendien ausgeben. <\/span><\/p><p><span style=\"color: #000000;\">-In Europa gibt es Spenden und verschiedene st\u00e4dtische oder private F\u00f6rderungen z.B. BAf\u00f6G oder PPP.<\/span><\/p><p><span style=\"color: #000000;\">Vorteil eines Highschool-Besuchs w\u00e4re, dass man gegebenenfalls ein Stipendium von einem College durch Sport oder Akademische Grunde bekommen k\u00f6nnte, und somit w\u00e4re der College viel billiger oder zum gr\u00f6\u00dften Teil bezahlt wenn der Student nat\u00fcrlich ein College-Angebot bekommt.<\/span><\/p><h3><span style=\"color: #000000;\">Wie lange ist die Vorlaufzeit f\u00fcr solche Planung?<\/span><\/h3><p><span style=\"color: #000000;\">-10-11 Monaten. Das Kind wird i.d. Regel sp\u00e4testens Mitte August hinfahren k\u00f6nnen und wird bis Mitte\/Ende Juni dort sein.<\/span><\/p><p><span style=\"color: #000000;\">Aufenthalt von einem halben Jahr geht auch. Viel Geld wird allerdings dadurch nicht gespart (nur die monatliche Host Family Kosten).<\/span><\/p><h3><span style=\"color: #000000;\">Was passiert, wenn mein Kind in dieser Zeit zur\u00fcck nach Deutschland m\u00f6chte?<\/span><\/h3><p><span style=\"color: #000000;\">-Falls das Kind zur\u00fcckkehren m\u00f6chte, kann es Jederzeit tun. Das Geld wird jedoch nicht erstattet. In diesem Program sind eine Schule und eine andere Familie involviert, sodass Heimweh oder emotionale \u00dcberforderung im Vorfeld bedenkt werden sollten. Man musste die Bedeutung der neuen Situation verstehen, die nicht nur mit Kosten sondern auch mit viel Energieaufwand verbunden wird bevor man die Entscheidung trifft, diesen Schritt nach vorne machen zu wollen.<\/span><\/p>\t\t\t\t\t\t<\/div>\n\t\t\t\t<\/div>\n\t\t\t\t\t<\/div>\n\t\t<\/div>\n\t\t\t\t\t\t\t<\/div>\n\t\t<\/section>\n\t\t\t\t\t\t\t<\/div>\n\t\t","protected":false},"excerpt":{"rendered":"<p>Wenn mein Kind nach Amerika gehen w\u00fcrde, wird es in einer Familie untergebracht oder ist es auf sich alleine gestellt? -Die Jugendlichen, die nach Amerika gehen, werden in einer zertifizierten Gastfamilie untergebracht .\u00a0 Diese sucht eine Schule und eine Host Familie aus, die f\u00fcr Ihren Kind am Besten passt. Was w\u00fcrde der USA Aufenthalt kosten,\u00a0 [&hellip;]<\/p>\n","protected":false},"author":7,"featured_media":0,"parent":5,"menu_order":0,"comment_status":"closed","ping_status":"closed","template":"","meta":{"jetpack_post_was_ever_published":false},"jetpack_sharing_enabled":true,"jetpack_shortlink":"https:\/\/wp.me\/P96GUy-5A","_links":{"self":[{"href":"https:\/\/european-elite.org\/index.php\/wp-json\/wp\/v2\/pages\/346"}],"collection":[{"href":"https:\/\/european-elite.org\/index.php\/wp-json\/wp\/v2\/pages"}],"about":[{"href":"https:\/\/european-elite.org\/index.php\/wp-json\/wp\/v2\/types\/page"}],"author":[{"embeddable":true,"href":"https:\/\/european-elite.org\/index.php\/wp-json\/wp\/v2\/users\/7"}],"replies":[{"embeddable":true,"href":"https:\/\/european-elite.org\/index.php\/wp-json\/wp\/v2\/comments?post=346"}],"version-history":[{"count":23,"href":"https:\/\/european-elite.org\/index.php\/wp-json\/wp\/v2\/pages\/346\/revisions"}],"predecessor-version":[{"id":4497,"href":"https:\/\/european-elite.org\/index.php\/wp-json\/wp\/v2\/pages\/346\/revisions\/4497"}],"up":[{"embeddable":true,"href":"https:\/\/european-elite.org\/index.php\/wp-json\/wp\/v2\/pages\/5"}],"wp:attachment":[{"href":"https:\/\/european-elite.org\/index.php\/wp-json\/wp\/v2\/media?parent=346"}],"curies":[{"name":"wp","href":"https:\/\/api.w.org\/{rel}","templated":true}]}}